{"id":20399,"date":"2023-02-03T10:10:24","date_gmt":"2023-02-03T18:10:24","guid":{"rendered":"https:\/\/thinknow.com\/?page_id=20399"},"modified":"2026-02-06T12:11:11","modified_gmt":"2026-02-06T20:11:11","slug":"audiencias","status":"publish","type":"page","link":"https:\/\/thinknow.com\/es\/audiencias\/","title":{"rendered":"Audiencias"},"content":{"rendered":"","protected":false},"excerpt":{"rendered":"","protected":false},"author":1,"featured_media":0,"parent":0,"menu_order":0,"comment_status":"closed","ping_status":"closed","template":"tmpl-audiences.php","meta":{"_acf_changed":false,"_kad_blocks_custom_css":"","_kad_blocks_head_custom_js":"","_kad_blocks_body_custom_js":"","_kad_blocks_footer_custom_js":"","footnotes":""},"class_list":["post-20399","page","type-page","status-publish","hentry"],"acf":[],"yoast_head":"<!-- This site is optimized with the Yoast SEO Premium plugin v27.3 (Yoast SEO v27.3) - https:\/\/yoast.com\/product\/yoast-seo-premium-wordpress\/ -->\n<title>Audiencias | ThinkNow<\/title>\n<meta name=\"description\" content=\"ThinkNow Audiences ofrece a las marcas las soluciones m\u00e1s precisas para establecer segmentos de consumidores en campa\u00f1as de publicidad program\u00e1tica.\" \/>\n<meta name=\"robots\" content=\"index, follow, max-snippet:-1, max-image-preview:large, max-video-preview:-1\" \/>\n<link rel=\"canonical\" href=\"https:\/\/thinknow.com\/es\/audiencias\/\" \/>\n<meta property=\"og:locale\" content=\"es_ES\" \/>\n<meta property=\"og:type\" content=\"article\" \/>\n<meta property=\"og:title\" content=\"Audiencias\" \/>\n<meta property=\"og:description\" content=\"ThinkNow Audiences ofrece a las marcas las soluciones m\u00e1s precisas para establecer segmentos de consumidores en campa\u00f1as de publicidad program\u00e1tica.\" \/>\n<meta property=\"og:url\" content=\"https:\/\/thinknow.com\/es\/audiencias\/\" \/>\n<meta property=\"og:site_name\" content=\"ThinkNow\" \/>\n<meta property=\"article:publisher\" content=\"https:\/\/www.facebook.com\/ThinkNowGlobal\/\" \/>\n<meta property=\"article:modified_time\" content=\"2026-02-06T20:11:11+00:00\" \/>\n<meta property=\"og:image\" content=\"https:\/\/thinknow.com\/newsite\/wp-content\/themes\/thinknow-theme\/img\/thinknow-socialmedia-link.png\" \/>\n\t<meta property=\"og:image:width\" content=\"1200\" \/>\n\t<meta property=\"og:image:height\" content=\"630\" \/>\n\t<meta property=\"og:image:type\" content=\"image\/png\" \/>\n<meta name=\"twitter:card\" content=\"summary_large_image\" \/>\n<script type=\"application\/ld+json\" class=\"yoast-schema-graph\">{\"@context\":\"https:\\\/\\\/schema.org\",\"@graph\":[{\"@type\":\"WebPage\",\"@id\":\"https:\\\/\\\/thinknow.com\\\/es\\\/audiencias\\\/\",\"url\":\"https:\\\/\\\/thinknow.com\\\/es\\\/audiencias\\\/\",\"name\":\"Audiencias | ThinkNow\",\"isPartOf\":{\"@id\":\"https:\\\/\\\/thinknow.com\\\/#website\"},\"datePublished\":\"2023-02-03T18:10:24+00:00\",\"dateModified\":\"2026-02-06T20:11:11+00:00\",\"description\":\"ThinkNow Audiences ofrece a las marcas las soluciones m\u00e1s precisas para establecer segmentos de consumidores en campa\u00f1as de publicidad program\u00e1tica.\",\"breadcrumb\":{\"@id\":\"https:\\\/\\\/thinknow.com\\\/es\\\/audiencias\\\/#breadcrumb\"},\"inLanguage\":\"es-ES\",\"potentialAction\":[{\"@type\":\"ReadAction\",\"target\":[\"https:\\\/\\\/thinknow.com\\\/es\\\/audiencias\\\/\"]}]},{\"@type\":\"BreadcrumbList\",\"@id\":\"https:\\\/\\\/thinknow.com\\\/es\\\/audiencias\\\/#breadcrumb\",\"itemListElement\":[{\"@type\":\"ListItem\",\"position\":1,\"name\":\"Home\",\"item\":\"https:\\\/\\\/thinknow.com\\\/es\\\/\"},{\"@type\":\"ListItem\",\"position\":2,\"name\":\"Audiencias\"}]},{\"@type\":\"WebSite\",\"@id\":\"https:\\\/\\\/thinknow.com\\\/#website\",\"url\":\"https:\\\/\\\/thinknow.com\\\/\",\"name\":\"ThinkNow\",\"description\":\"We demystify diverse communities through research technology\",\"publisher\":{\"@id\":\"https:\\\/\\\/thinknow.com\\\/#organization\"},\"potentialAction\":[{\"@type\":\"SearchAction\",\"target\":{\"@type\":\"EntryPoint\",\"urlTemplate\":\"https:\\\/\\\/thinknow.com\\\/?s={search_term_string}\"},\"query-input\":{\"@type\":\"PropertyValueSpecification\",\"valueRequired\":true,\"valueName\":\"search_term_string\"}}],\"inLanguage\":\"es-ES\"},{\"@type\":\"Organization\",\"@id\":\"https:\\\/\\\/thinknow.com\\\/#organization\",\"name\":\"thinknow\",\"url\":\"https:\\\/\\\/thinknow.com\\\/\",\"logo\":{\"@type\":\"ImageObject\",\"inLanguage\":\"es-ES\",\"@id\":\"https:\\\/\\\/thinknow.com\\\/#\\\/schema\\\/logo\\\/image\\\/\",\"url\":\"https:\\\/\\\/thinknow.com\\\/newsite\\\/wp-content\\\/uploads\\\/2022\\\/03\\\/logo-thinknow-color.png\",\"contentUrl\":\"https:\\\/\\\/thinknow.com\\\/newsite\\\/wp-content\\\/uploads\\\/2022\\\/03\\\/logo-thinknow-color.png\",\"width\":498,\"height\":186,\"caption\":\"thinknow\"},\"image\":{\"@id\":\"https:\\\/\\\/thinknow.com\\\/#\\\/schema\\\/logo\\\/image\\\/\"},\"sameAs\":[\"https:\\\/\\\/www.facebook.com\\\/ThinkNowGlobal\\\/\",\"https:\\\/\\\/www.instagram.com\\\/thinknowglobal\\\/\",\"https:\\\/\\\/www.linkedin.com\\\/company\\\/thinknowglobal\\\/\",\"https:\\\/\\\/www.youtube.com\\\/c\\\/Thinknowresearch\\\/\",\"https:\\\/\\\/open.spotify.com\\\/show\\\/3iSIVrpcCxZWqwG5WvnZ12?si=09e04daab68a4d1d\"]}]}<\/script>\n<!-- \/ Yoast SEO Premium plugin. -->","yoast_head_json":{"title":"Audiencias | ThinkNow","description":"ThinkNow Audiences ofrece a las marcas las soluciones m\u00e1s precisas para establecer segmentos de consumidores en campa\u00f1as de publicidad program\u00e1tica.","robots":{"index":"index","follow":"follow","max-snippet":"max-snippet:-1","max-image-preview":"max-image-preview:large","max-video-preview":"max-video-preview:-1"},"canonical":"https:\/\/thinknow.com\/es\/audiencias\/","og_locale":"es_ES","og_type":"article","og_title":"Audiencias","og_description":"ThinkNow Audiences ofrece a las marcas las soluciones m\u00e1s precisas para establecer segmentos de consumidores en campa\u00f1as de publicidad program\u00e1tica.","og_url":"https:\/\/thinknow.com\/es\/audiencias\/","og_site_name":"ThinkNow","article_publisher":"https:\/\/www.facebook.com\/ThinkNowGlobal\/","article_modified_time":"2026-02-06T20:11:11+00:00","og_image":[{"width":1200,"height":630,"url":"https:\/\/thinknow.com\/newsite\/wp-content\/themes\/thinknow-theme\/img\/thinknow-socialmedia-link.png","type":"image\/png"}],"twitter_card":"summary_large_image","schema":{"@context":"https:\/\/schema.org","@graph":[{"@type":"WebPage","@id":"https:\/\/thinknow.com\/es\/audiencias\/","url":"https:\/\/thinknow.com\/es\/audiencias\/","name":"Audiencias | ThinkNow","isPartOf":{"@id":"https:\/\/thinknow.com\/#website"},"datePublished":"2023-02-03T18:10:24+00:00","dateModified":"2026-02-06T20:11:11+00:00","description":"ThinkNow Audiences ofrece a las marcas las soluciones m\u00e1s precisas para establecer segmentos de consumidores en campa\u00f1as de publicidad program\u00e1tica.","breadcrumb":{"@id":"https:\/\/thinknow.com\/es\/audiencias\/#breadcrumb"},"inLanguage":"es-ES","potentialAction":[{"@type":"ReadAction","target":["https:\/\/thinknow.com\/es\/audiencias\/"]}]},{"@type":"BreadcrumbList","@id":"https:\/\/thinknow.com\/es\/audiencias\/#breadcrumb","itemListElement":[{"@type":"ListItem","position":1,"name":"Home","item":"https:\/\/thinknow.com\/es\/"},{"@type":"ListItem","position":2,"name":"Audiencias"}]},{"@type":"WebSite","@id":"https:\/\/thinknow.com\/#website","url":"https:\/\/thinknow.com\/","name":"ThinkNow","description":"We demystify diverse communities through research technology","publisher":{"@id":"https:\/\/thinknow.com\/#organization"},"potentialAction":[{"@type":"SearchAction","target":{"@type":"EntryPoint","urlTemplate":"https:\/\/thinknow.com\/?s={search_term_string}"},"query-input":{"@type":"PropertyValueSpecification","valueRequired":true,"valueName":"search_term_string"}}],"inLanguage":"es-ES"},{"@type":"Organization","@id":"https:\/\/thinknow.com\/#organization","name":"thinknow","url":"https:\/\/thinknow.com\/","logo":{"@type":"ImageObject","inLanguage":"es-ES","@id":"https:\/\/thinknow.com\/#\/schema\/logo\/image\/","url":"https:\/\/thinknow.com\/newsite\/wp-content\/uploads\/2022\/03\/logo-thinknow-color.png","contentUrl":"https:\/\/thinknow.com\/newsite\/wp-content\/uploads\/2022\/03\/logo-thinknow-color.png","width":498,"height":186,"caption":"thinknow"},"image":{"@id":"https:\/\/thinknow.com\/#\/schema\/logo\/image\/"},"sameAs":["https:\/\/www.facebook.com\/ThinkNowGlobal\/","https:\/\/www.instagram.com\/thinknowglobal\/","https:\/\/www.linkedin.com\/company\/thinknowglobal\/","https:\/\/www.youtube.com\/c\/Thinknowresearch\/","https:\/\/open.spotify.com\/show\/3iSIVrpcCxZWqwG5WvnZ12?si=09e04daab68a4d1d"]}]}},"taxonomy_info":[],"featured_image_src_large":false,"author_info":{"display_name":"danielgc","author_link":"https:\/\/thinknow.com\/es\/blog\/author\/danielgc\/"},"comment_info":0,"_links":{"self":[{"href":"https:\/\/thinknow.com\/es\/wp-json\/wp\/v2\/pages\/20399","targetHints":{"allow":["GET"]}}],"collection":[{"href":"https:\/\/thinknow.com\/es\/wp-json\/wp\/v2\/pages"}],"about":[{"href":"https:\/\/thinknow.com\/es\/wp-json\/wp\/v2\/types\/page"}],"author":[{"embeddable":true,"href":"https:\/\/thinknow.com\/es\/wp-json\/wp\/v2\/users\/1"}],"replies":[{"embeddable":true,"href":"https:\/\/thinknow.com\/es\/wp-json\/wp\/v2\/comments?post=20399"}],"version-history":[{"count":8,"href":"https:\/\/thinknow.com\/es\/wp-json\/wp\/v2\/pages\/20399\/revisions"}],"predecessor-version":[{"id":42554,"href":"https:\/\/thinknow.com\/es\/wp-json\/wp\/v2\/pages\/20399\/revisions\/42554"}],"wp:attachment":[{"href":"https:\/\/thinknow.com\/es\/wp-json\/wp\/v2\/media?parent=20399"}],"curies":[{"name":"wp","href":"https:\/\/api.w.org\/{rel}","templated":true}]}}