{"id":19974,"date":"2022-02-24T19:57:28","date_gmt":"2022-02-25T03:57:28","guid":{"rendered":"https:\/\/thinknow.com\/?page_id=19974"},"modified":"2023-03-14T20:54:05","modified_gmt":"2023-03-15T03:54:05","slug":"politica-de-cookies","status":"publish","type":"page","link":"https:\/\/thinknow.com\/es\/politica-de-cookies\/","title":{"rendered":"Pol\u00edtica de Cookies"},"content":{"rendered":"<p><strong>Acerca de esta pol\u00edtica de cookies<\/strong><br \/>\nEsta Pol\u00edtica de cookies explica qu\u00e9 son las cookies y c\u00f3mo las utilizamos, los tipos de cookies que utilizamos, es decir, la informaci\u00f3n que recopilamos utilizando cookies y c\u00f3mo se utiliza esa informaci\u00f3n, y c\u00f3mo controlar las preferencias de cookies. Para m\u00e1s informaci\u00f3n sobre c\u00f3mo utilizamos, almacenamos y mantenemos seguros sus datos personales, consulte nuestra Pol\u00edtica de Privacidad.<br \/>\nEn cualquier momento puede cambiar o retirar su consentimiento de la Declaraci\u00f3n de Cookies en nuestro sitio web<br \/>\nObtenga m\u00e1s informaci\u00f3n sobre qui\u00e9nes somos, c\u00f3mo puede ponerse en contacto con nosotros y c\u00f3mo procesamos los datos personales en nuestra Pol\u00edtica de privacidad.<br \/>\nSu consentimiento se aplica a los siguientes dominios: thinknow.com<br \/>\n<div class=\"cli_user_consent_state\">Tu estado actual: No consent given. <a class=\"cli_manage_current_consent\" style=\"cursor:pointer;text-decoration:underline;\">Manage your consent.<\/a> <\/div><\/p>\n<p>&nbsp;<\/p>\n<p><strong>\u00bfQu\u00e9 son las cookies?<\/strong><br \/>\nLas cookies son peque\u00f1os archivos de texto que se utilizan para almacenar peque\u00f1as piezas de informaci\u00f3n. Se almacenan en su dispositivo cuando el sitio web se carga en su navegador. Estas cookies nos ayudan a hacer que el sitio web funcione correctamente, a hacerlo m\u00e1s seguro, a proporcionar una mejor experiencia al usuario y a entender c\u00f3mo funciona el sitio web y analizar qu\u00e9 funciona y en qu\u00e9 aspectos necesita mejoras.<\/p>\n<p>&nbsp;<\/p>\n<p><strong>\u00bfC\u00f3mo utilizamos las cookies?<\/strong><br \/>\nComo la mayor\u00eda de los servicios en l\u00ednea, nuestro sitio web utiliza cookies propias y de terceros para diversos fines. Las cookies de origen son en su mayor\u00eda necesarias para que el sitio web funcione correctamente, y no recogen ning\u00fan dato personal que pueda identificarle.<br \/>\nLas cookies de terceros utilizadas en nuestro sitio web sirven principalmente para comprender c\u00f3mo funciona el sitio web, c\u00f3mo interact\u00faa usted con nuestro sitio web, mantener nuestros servicios seguros, proporcionar anuncios que sean relevantes para usted y, en definitiva, proporcionarle una experiencia de usuario mejorada y ayudar a acelerar sus futuras interacciones con nuestro sitio web.<\/p>\n<p>&nbsp;<\/p>\n<p><strong>\u00bfQu\u00e9 tipos de cookies utilizamos?<\/strong><br \/>\nEsenciales: Algunas cookies son esenciales para que usted pueda experimentar la funcionalidad completa de nuestro sitio. Nos permiten mantener las sesiones de usuario y prevenir cualquier amenaza a la seguridad. No recogen ni almacenan ninguna informaci\u00f3n personal. Por ejemplo, estas cookies le permiten acceder a su cuenta, a\u00f1adir productos a su cesta y realizar el pago de forma segura.<br \/>\nEstad\u00edsticas: Estas cookies almacenan informaci\u00f3n como el n\u00famero de visitantes del sitio web, el n\u00famero de visitantes \u00fanicos, qu\u00e9 p\u00e1ginas del sitio web se han visitado, el origen de la visita, etc. Estos datos nos ayudan a comprender y analizar el rendimiento del sitio web y los aspectos que deben mejorarse.<br \/>\nMarketing: Nuestro sitio web muestra anuncios. Estas cookies se utilizan para personalizar los anuncios que le mostramos para que sean significativos para usted. Estas cookies tambi\u00e9n nos ayudan a realizar un seguimiento de la eficacia de estas campa\u00f1as publicitarias.<br \/>\nLa informaci\u00f3n almacenada en estas cookies tambi\u00e9n puede ser utilizada por los proveedores de publicidad de terceros para mostrarle anuncios en otros sitios web en el navegador tambi\u00e9n.<br \/>\nFuncionales: Estas son las cookies que ayudan a ciertas funcionalidades no esenciales en nuestro sitio web. Estas funcionalidades incluyen incrustar contenido como v\u00eddeos o compartir contenido del sitio web en plataformas de medios sociales.<br \/>\nPreferencias: Estas cookies nos ayudan a almacenar su configuraci\u00f3n y preferencias de navegaci\u00f3n, como las preferencias de idioma, para que tenga una experiencia mejor y m\u00e1s eficiente en futuras visitas al sitio web.<br \/>\n<p>La siguiente lista detalla las cookies utilizadas en nuestro sitio web.<\/p><table class=\"cookielawinfo-row-cat-table cookielawinfo-classic\"><thead><tr><th class=\"cookielawinfo-column-1\">Cookie<\/th><th class=\"cookielawinfo-column-4\">Description<\/th><\/tr><\/thead><tbody><tr class=\"cookielawinfo-row\"><td class=\"cookielawinfo-column-1\">cookielawinfo-checkbox-analytics<\/td><td class=\"cookielawinfo-column-4\">Esta cookie es establecida por el plugin GDPR Cookie Consent. La cookie se utiliza para almacenar el consentimiento del usuario para las cookies de la categor\u00eda \"Analytics\".<\/td><\/tr><tr class=\"cookielawinfo-row\"><td class=\"cookielawinfo-column-1\">cookielawinfo-checkbox-functional<\/td><td class=\"cookielawinfo-column-4\">La cookie se establece por el consentimiento de cookies GDPR para registrar el consentimiento del usuario para las cookies en la categor\u00eda \"Funcional\".<\/td><\/tr><tr class=\"cookielawinfo-row\"><td class=\"cookielawinfo-column-1\">cookielawinfo-checkbox-necessary<\/td><td class=\"cookielawinfo-column-4\">Esta cookie es establecida por el plugin GDPR Cookie Consent. Las cookies se utilizan para almacenar el consentimiento del usuario para las cookies de la categor\u00eda \"Necesarias\".<\/td><\/tr><tr class=\"cookielawinfo-row\"><td class=\"cookielawinfo-column-1\">cookielawinfo-checkbox-others<\/td><td class=\"cookielawinfo-column-4\">Esta cookie es establecida por el plugin GDPR Cookie Consent. La cookie se utiliza para almacenar el consentimiento del usuario para las cookies de la categor\u00eda \"Otros\".<\/td><\/tr><tr class=\"cookielawinfo-row\"><td class=\"cookielawinfo-column-1\">cookielawinfo-checkbox-performance<\/td><td class=\"cookielawinfo-column-4\">Esta cookie es establecida por el plugin GDPR Cookie Consent. La cookie se utiliza para almacenar el consentimiento del usuario para las cookies de la categor\u00eda \"Rendimiento\".<\/td><\/tr><tr class=\"cookielawinfo-row\"><td class=\"cookielawinfo-column-1\">viewed_cookie_policy<\/td><td class=\"cookielawinfo-column-4\">La cookie es establecida por el plugin GDPR Cookie Consent y se utiliza para almacenar si el usuario ha consentido o no el uso de cookies. No almacena ning\u00fan dato personal.<\/td><\/tr><\/tbody><\/table><\/p>\n<p>&nbsp;<\/p>\n<p><strong>\u00bfC\u00f3mo puedo controlar las preferencias de cookies?<\/strong><br \/>\nSi decide cambiar sus preferencias m\u00e1s adelante durante su sesi\u00f3n de navegaci\u00f3n, puede hacer clic en la pesta\u00f1a \"Pol\u00edtica de privacidad y cookies\" de su pantalla. Adem\u00e1s, los distintos navegadores ofrecen diferentes m\u00e9todos para bloquear y eliminar las cookies utilizadas por los sitios web. Puede cambiar la configuraci\u00f3n de su navegador para bloquear o eliminar las cookies. Para obtener m\u00e1s informaci\u00f3n sobre c\u00f3mo gestionar y eliminar las cookies, visite wikipedia.org, www.allaboutcookies.org.<\/p>\n<a role='button' tabindex='0' class=\"medium cli-plugin-button cli-plugin-main-button cli_settings_button\">Ir a las preferencias de las Cookies<\/a>\n","protected":false},"excerpt":{"rendered":"<p>Acerca de esta pol\u00edtica de cookies Esta Pol\u00edtica de cookies explica qu\u00e9 son las cookies y c\u00f3mo las utilizamos, los tipos de cookies que utilizamos, es decir, la informaci\u00f3n que...<\/p>\n","protected":false},"author":1,"featured_media":0,"parent":0,"menu_order":0,"comment_status":"closed","ping_status":"closed","template":"","meta":{"_acf_changed":false,"_kad_blocks_custom_css":"","_kad_blocks_head_custom_js":"","_kad_blocks_body_custom_js":"","_kad_blocks_footer_custom_js":"","footnotes":""},"class_list":["post-19974","page","type-page","status-publish","hentry"],"acf":[],"yoast_head":"<!-- This site is optimized with the Yoast SEO Premium plugin v27.3 (Yoast SEO v27.3) - https:\/\/yoast.com\/product\/yoast-seo-premium-wordpress\/ -->\n<title>Pol\u00edtica de Cookies | ThinkNow<\/title>\n<meta name=\"robots\" content=\"index, follow, max-snippet:-1, max-image-preview:large, max-video-preview:-1\" \/>\n<link rel=\"canonical\" href=\"https:\/\/thinknow.com\/es\/politica-de-cookies\/\" \/>\n<meta property=\"og:locale\" content=\"es_ES\" \/>\n<meta property=\"og:type\" content=\"article\" \/>\n<meta property=\"og:title\" content=\"Pol\u00edtica de Cookies\" \/>\n<meta property=\"og:description\" content=\"Acerca de esta pol\u00edtica de cookies Esta Pol\u00edtica de cookies explica qu\u00e9 son las cookies y c\u00f3mo las utilizamos, los tipos de cookies que utilizamos, es decir, la informaci\u00f3n que...\" \/>\n<meta property=\"og:url\" content=\"https:\/\/thinknow.com\/es\/politica-de-cookies\/\" \/>\n<meta property=\"og:site_name\" content=\"ThinkNow\" \/>\n<meta property=\"article:publisher\" content=\"https:\/\/www.facebook.com\/ThinkNowGlobal\/\" \/>\n<meta property=\"article:modified_time\" content=\"2023-03-15T03:54:05+00:00\" \/>\n<meta property=\"og:image\" content=\"https:\/\/thinknow.com\/newsite\/wp-content\/themes\/thinknow-theme\/img\/thinknow-socialmedia-link.png\" \/>\n\t<meta property=\"og:image:width\" content=\"1200\" \/>\n\t<meta property=\"og:image:height\" content=\"630\" \/>\n\t<meta property=\"og:image:type\" content=\"image\/png\" \/>\n<meta name=\"twitter:card\" content=\"summary_large_image\" \/>\n<meta name=\"twitter:label1\" content=\"Tiempo de lectura\" \/>\n\t<meta name=\"twitter:data1\" content=\"3 minutes\" \/>\n<script type=\"application\/ld+json\" class=\"yoast-schema-graph\">{\"@context\":\"https:\\\/\\\/schema.org\",\"@graph\":[{\"@type\":\"WebPage\",\"@id\":\"https:\\\/\\\/thinknow.com\\\/es\\\/politica-de-cookies\\\/\",\"url\":\"https:\\\/\\\/thinknow.com\\\/es\\\/politica-de-cookies\\\/\",\"name\":\"Pol\u00edtica de Cookies | ThinkNow\",\"isPartOf\":{\"@id\":\"https:\\\/\\\/thinknow.com\\\/#website\"},\"datePublished\":\"2022-02-25T03:57:28+00:00\",\"dateModified\":\"2023-03-15T03:54:05+00:00\",\"breadcrumb\":{\"@id\":\"https:\\\/\\\/thinknow.com\\\/es\\\/politica-de-cookies\\\/#breadcrumb\"},\"inLanguage\":\"es-ES\",\"potentialAction\":[{\"@type\":\"ReadAction\",\"target\":[\"https:\\\/\\\/thinknow.com\\\/es\\\/politica-de-cookies\\\/\"]}]},{\"@type\":\"BreadcrumbList\",\"@id\":\"https:\\\/\\\/thinknow.com\\\/es\\\/politica-de-cookies\\\/#breadcrumb\",\"itemListElement\":[{\"@type\":\"ListItem\",\"position\":1,\"name\":\"Home\",\"item\":\"https:\\\/\\\/thinknow.com\\\/es\\\/\"},{\"@type\":\"ListItem\",\"position\":2,\"name\":\"Pol\u00edtica de Cookies\"}]},{\"@type\":\"WebSite\",\"@id\":\"https:\\\/\\\/thinknow.com\\\/#website\",\"url\":\"https:\\\/\\\/thinknow.com\\\/\",\"name\":\"ThinkNow\",\"description\":\"We demystify diverse communities through research technology\",\"publisher\":{\"@id\":\"https:\\\/\\\/thinknow.com\\\/#organization\"},\"potentialAction\":[{\"@type\":\"SearchAction\",\"target\":{\"@type\":\"EntryPoint\",\"urlTemplate\":\"https:\\\/\\\/thinknow.com\\\/?s={search_term_string}\"},\"query-input\":{\"@type\":\"PropertyValueSpecification\",\"valueRequired\":true,\"valueName\":\"search_term_string\"}}],\"inLanguage\":\"es-ES\"},{\"@type\":\"Organization\",\"@id\":\"https:\\\/\\\/thinknow.com\\\/#organization\",\"name\":\"thinknow\",\"url\":\"https:\\\/\\\/thinknow.com\\\/\",\"logo\":{\"@type\":\"ImageObject\",\"inLanguage\":\"es-ES\",\"@id\":\"https:\\\/\\\/thinknow.com\\\/#\\\/schema\\\/logo\\\/image\\\/\",\"url\":\"https:\\\/\\\/thinknow.com\\\/newsite\\\/wp-content\\\/uploads\\\/2022\\\/03\\\/logo-thinknow-color.png\",\"contentUrl\":\"https:\\\/\\\/thinknow.com\\\/newsite\\\/wp-content\\\/uploads\\\/2022\\\/03\\\/logo-thinknow-color.png\",\"width\":498,\"height\":186,\"caption\":\"thinknow\"},\"image\":{\"@id\":\"https:\\\/\\\/thinknow.com\\\/#\\\/schema\\\/logo\\\/image\\\/\"},\"sameAs\":[\"https:\\\/\\\/www.facebook.com\\\/ThinkNowGlobal\\\/\",\"https:\\\/\\\/www.instagram.com\\\/thinknowglobal\\\/\",\"https:\\\/\\\/www.linkedin.com\\\/company\\\/thinknowglobal\\\/\",\"https:\\\/\\\/www.youtube.com\\\/c\\\/Thinknowresearch\\\/\",\"https:\\\/\\\/open.spotify.com\\\/show\\\/3iSIVrpcCxZWqwG5WvnZ12?si=09e04daab68a4d1d\"]}]}<\/script>\n<!-- \/ Yoast SEO Premium plugin. -->","yoast_head_json":{"title":"Pol\u00edtica de Cookies | ThinkNow","robots":{"index":"index","follow":"follow","max-snippet":"max-snippet:-1","max-image-preview":"max-image-preview:large","max-video-preview":"max-video-preview:-1"},"canonical":"https:\/\/thinknow.com\/es\/politica-de-cookies\/","og_locale":"es_ES","og_type":"article","og_title":"Pol\u00edtica de Cookies","og_description":"Acerca de esta pol\u00edtica de cookies Esta Pol\u00edtica de cookies explica qu\u00e9 son las cookies y c\u00f3mo las utilizamos, los tipos de cookies que utilizamos, es decir, la informaci\u00f3n que...","og_url":"https:\/\/thinknow.com\/es\/politica-de-cookies\/","og_site_name":"ThinkNow","article_publisher":"https:\/\/www.facebook.com\/ThinkNowGlobal\/","article_modified_time":"2023-03-15T03:54:05+00:00","og_image":[{"width":1200,"height":630,"url":"https:\/\/thinknow.com\/newsite\/wp-content\/themes\/thinknow-theme\/img\/thinknow-socialmedia-link.png","type":"image\/png"}],"twitter_card":"summary_large_image","twitter_misc":{"Tiempo de lectura":"3 minutes"},"schema":{"@context":"https:\/\/schema.org","@graph":[{"@type":"WebPage","@id":"https:\/\/thinknow.com\/es\/politica-de-cookies\/","url":"https:\/\/thinknow.com\/es\/politica-de-cookies\/","name":"Pol\u00edtica de Cookies | ThinkNow","isPartOf":{"@id":"https:\/\/thinknow.com\/#website"},"datePublished":"2022-02-25T03:57:28+00:00","dateModified":"2023-03-15T03:54:05+00:00","breadcrumb":{"@id":"https:\/\/thinknow.com\/es\/politica-de-cookies\/#breadcrumb"},"inLanguage":"es-ES","potentialAction":[{"@type":"ReadAction","target":["https:\/\/thinknow.com\/es\/politica-de-cookies\/"]}]},{"@type":"BreadcrumbList","@id":"https:\/\/thinknow.com\/es\/politica-de-cookies\/#breadcrumb","itemListElement":[{"@type":"ListItem","position":1,"name":"Home","item":"https:\/\/thinknow.com\/es\/"},{"@type":"ListItem","position":2,"name":"Pol\u00edtica de Cookies"}]},{"@type":"WebSite","@id":"https:\/\/thinknow.com\/#website","url":"https:\/\/thinknow.com\/","name":"ThinkNow","description":"We demystify diverse communities through research technology","publisher":{"@id":"https:\/\/thinknow.com\/#organization"},"potentialAction":[{"@type":"SearchAction","target":{"@type":"EntryPoint","urlTemplate":"https:\/\/thinknow.com\/?s={search_term_string}"},"query-input":{"@type":"PropertyValueSpecification","valueRequired":true,"valueName":"search_term_string"}}],"inLanguage":"es-ES"},{"@type":"Organization","@id":"https:\/\/thinknow.com\/#organization","name":"thinknow","url":"https:\/\/thinknow.com\/","logo":{"@type":"ImageObject","inLanguage":"es-ES","@id":"https:\/\/thinknow.com\/#\/schema\/logo\/image\/","url":"https:\/\/thinknow.com\/newsite\/wp-content\/uploads\/2022\/03\/logo-thinknow-color.png","contentUrl":"https:\/\/thinknow.com\/newsite\/wp-content\/uploads\/2022\/03\/logo-thinknow-color.png","width":498,"height":186,"caption":"thinknow"},"image":{"@id":"https:\/\/thinknow.com\/#\/schema\/logo\/image\/"},"sameAs":["https:\/\/www.facebook.com\/ThinkNowGlobal\/","https:\/\/www.instagram.com\/thinknowglobal\/","https:\/\/www.linkedin.com\/company\/thinknowglobal\/","https:\/\/www.youtube.com\/c\/Thinknowresearch\/","https:\/\/open.spotify.com\/show\/3iSIVrpcCxZWqwG5WvnZ12?si=09e04daab68a4d1d"]}]}},"taxonomy_info":[],"featured_image_src_large":false,"author_info":{"display_name":"danielgc","author_link":"https:\/\/thinknow.com\/es\/blog\/author\/danielgc\/"},"comment_info":0,"_links":{"self":[{"href":"https:\/\/thinknow.com\/es\/wp-json\/wp\/v2\/pages\/19974","targetHints":{"allow":["GET"]}}],"collection":[{"href":"https:\/\/thinknow.com\/es\/wp-json\/wp\/v2\/pages"}],"about":[{"href":"https:\/\/thinknow.com\/es\/wp-json\/wp\/v2\/types\/page"}],"author":[{"embeddable":true,"href":"https:\/\/thinknow.com\/es\/wp-json\/wp\/v2\/users\/1"}],"replies":[{"embeddable":true,"href":"https:\/\/thinknow.com\/es\/wp-json\/wp\/v2\/comments?post=19974"}],"version-history":[{"count":1,"href":"https:\/\/thinknow.com\/es\/wp-json\/wp\/v2\/pages\/19974\/revisions"}],"predecessor-version":[{"id":19975,"href":"https:\/\/thinknow.com\/es\/wp-json\/wp\/v2\/pages\/19974\/revisions\/19975"}],"wp:attachment":[{"href":"https:\/\/thinknow.com\/es\/wp-json\/wp\/v2\/media?parent=19974"}],"curies":[{"name":"wp","href":"https:\/\/api.w.org\/{rel}","templated":true}]}}