{"id":19959,"date":"2022-01-24T23:13:13","date_gmt":"2022-01-25T07:13:13","guid":{"rendered":"https:\/\/thinknow.com\/?page_id=19959"},"modified":"2024-10-14T08:56:44","modified_gmt":"2024-10-14T15:56:44","slug":"terminos-de-servicio","status":"publish","type":"page","link":"https:\/\/thinknow.com\/es\/terminos-de-servicio\/","title":{"rendered":"T\u00e9rminos de servicio"},"content":{"rendered":"<p>Su acceso y uso del Servicio est\u00e1n condicionados a la aceptaci\u00f3n y cumplimiento de estas Condiciones. Estas Condiciones se aplican a todos los visitantes, usuarios y dem\u00e1s personas que accedan o utilicen el Servicio.<\/p>\n<p>Al acceder o utilizar el Servicio, usted acepta quedar vinculado por estas Condiciones. Si no est\u00e1 de acuerdo con alguna parte de las mismas, no podr\u00e1 acceder al Servicio.<\/p>\n<p>&nbsp;<\/p>\n<p><strong>Rescisi\u00f3n<\/strong><\/p>\n<p>Podemos terminar o suspender el acceso a nuestro Servicio inmediatamente, sin previo aviso ni responsabilidad, por cualquier motivo, incluyendo, sin limitaci\u00f3n, si usted incumple las Condiciones. Todas las disposiciones de las Condiciones que, por su naturaleza, deban subsistir tras la rescisi\u00f3n, subsistir\u00e1n tras la rescisi\u00f3n, incluidas, a t\u00edtulo meramente enunciativo y no limitativo, las disposiciones sobre propiedad, exclusi\u00f3n de garant\u00edas, indemnizaciones y limitaciones de responsabilidad.<\/p>\n<p>&nbsp;<\/p>\n<p><strong>Suscripciones<\/strong><\/p>\n<p>Algunas partes del Servicio se facturan mediante suscripci\u00f3n (\"Suscripci\u00f3n(es)\"). Se le facturar\u00e1 por adelantado de forma peri\u00f3dica.<\/p>\n<p>&nbsp;<\/p>\n<p><strong>Contenido<\/strong><\/p>\n<p>Nuestro Servicio le permite publicar, enlazar, almacenar, compartir y poner a disposici\u00f3n cierta informaci\u00f3n, texto, gr\u00e1ficos, v\u00eddeos u otro material (\"Contenido\"). Usted es el responsable. La secci\u00f3n Contenido es para empresas que permiten a los usuarios crear, editar, compartir, hacer contenido en sus sitios web o aplicaciones.<\/p>\n<p>&nbsp;<\/p>\n<p><strong>Enlaces a otros sitios web<\/strong><\/p>\n<p>Nuestro Servicio puede contener enlaces a sitios web o servicios de terceros que no son propiedad ni est\u00e1n bajo el control de Thinknow. Thinknow no tiene control alguno sobre el contenido, ni asume responsabilidad alguna por el mismo, las pol\u00edticas de privacidad o las pr\u00e1cticas de los sitios web o servicios de terceros. Adem\u00e1s, usted reconoce y acepta que Thinknow no ser\u00e1 responsable, directa o indirectamente, de ning\u00fan da\u00f1os o p\u00e9rdidas causados o supuestamente causados por o en conexi\u00f3n con el uso o la confianza depositada en cualquiera de dichos contenidos, bienes o servicios disponibles en o a trav\u00e9s de cualquiera de dichos sitios web o servicios.<\/p>\n<p>&nbsp;<\/p>\n<p><strong>Cambios<\/strong><\/p>\n<p>Nos reservamos el derecho, a nuestra entera discreci\u00f3n, de modificar o sustituir estas Condiciones en cualquier momento. En caso de Si una revisi\u00f3n es sustancial, intentaremos notificarlo con al menos 30 d\u00edas de antelaci\u00f3n antes de que los nuevos t\u00e9rminos entren en vigor. Lo que constituya un cambio sustancial se determinar\u00e1 a nuestra entera discreci\u00f3n.<\/p>\n<p>&nbsp;<\/p>\n<p><strong>P\u00f3ngase en contacto con nosotros<\/strong><\/p>\n<p>Si tiene alguna pregunta sobre estas Condiciones, p\u00f3ngase en contacto con nosotros en <a href=\"mailto:&#105;nfo&#64;t&#104;&#105;nk&#110;o&#119;&#46;&#99;&#111;m\">in&#102;o&#64;t&#104;ink&#110;&#111;w.com<\/a><\/p>\n","protected":false},"excerpt":{"rendered":"<p>Su acceso y uso del Servicio est\u00e1n condicionados a la aceptaci\u00f3n y cumplimiento de estas Condiciones. Estas Condiciones se aplican a todos los visitantes, usuarios y dem\u00e1s personas que accedan...<\/p>\n","protected":false},"author":1,"featured_media":0,"parent":0,"menu_order":0,"comment_status":"closed","ping_status":"closed","template":"","meta":{"_acf_changed":false,"_kad_blocks_custom_css":"","_kad_blocks_head_custom_js":"","_kad_blocks_body_custom_js":"","_kad_blocks_footer_custom_js":"","footnotes":""},"class_list":["post-19959","page","type-page","status-publish","hentry"],"acf":[],"yoast_head":"<!-- This site is optimized with the Yoast SEO Premium plugin v27.3 (Yoast SEO v27.3) - https:\/\/yoast.com\/product\/yoast-seo-premium-wordpress\/ -->\n<title>T\u00e9rminos de servicio | ThinkNow<\/title>\n<meta name=\"description\" content=\"Su acceso y uso del Servicio est\u00e1n condicionados a la aceptaci\u00f3n y cumplimiento de estas Condiciones. Estas Condiciones se aplican a todos los visitantes, usuarios y dem\u00e1s personas que accedan o utilicen el Servicio.\" \/>\n<meta name=\"robots\" content=\"index, follow, max-snippet:-1, max-image-preview:large, max-video-preview:-1\" \/>\n<link rel=\"canonical\" href=\"https:\/\/thinknow.com\/es\/terminos-de-servicio\/\" \/>\n<meta property=\"og:locale\" content=\"es_ES\" \/>\n<meta property=\"og:type\" content=\"article\" \/>\n<meta property=\"og:title\" content=\"T\u00e9rminos de servicio\" \/>\n<meta property=\"og:description\" content=\"Su acceso y uso del Servicio est\u00e1n condicionados a la aceptaci\u00f3n y cumplimiento de estas Condiciones. Estas Condiciones se aplican a todos los visitantes, usuarios y dem\u00e1s personas que accedan o utilicen el Servicio.\" \/>\n<meta property=\"og:url\" content=\"https:\/\/thinknow.com\/es\/terminos-de-servicio\/\" \/>\n<meta property=\"og:site_name\" content=\"ThinkNow\" \/>\n<meta property=\"article:publisher\" content=\"https:\/\/www.facebook.com\/ThinkNowGlobal\/\" \/>\n<meta property=\"article:modified_time\" content=\"2024-10-14T15:56:44+00:00\" \/>\n<meta property=\"og:image\" content=\"https:\/\/thinknow.com\/newsite\/wp-content\/themes\/thinknow-theme\/img\/thinknow-socialmedia-link.png\" \/>\n\t<meta property=\"og:image:width\" content=\"1200\" \/>\n\t<meta property=\"og:image:height\" content=\"630\" \/>\n\t<meta property=\"og:image:type\" content=\"image\/png\" \/>\n<meta name=\"twitter:card\" content=\"summary_large_image\" \/>\n<meta name=\"twitter:label1\" content=\"Tiempo de lectura\" \/>\n\t<meta name=\"twitter:data1\" content=\"2 minutes\" \/>\n<script type=\"application\/ld+json\" class=\"yoast-schema-graph\">{\"@context\":\"https:\\\/\\\/schema.org\",\"@graph\":[{\"@type\":\"WebPage\",\"@id\":\"https:\\\/\\\/thinknow.com\\\/es\\\/terminos-de-servicio\\\/\",\"url\":\"https:\\\/\\\/thinknow.com\\\/es\\\/terminos-de-servicio\\\/\",\"name\":\"T\u00e9rminos de servicio | ThinkNow\",\"isPartOf\":{\"@id\":\"https:\\\/\\\/thinknow.com\\\/#website\"},\"datePublished\":\"2022-01-25T07:13:13+00:00\",\"dateModified\":\"2024-10-14T15:56:44+00:00\",\"description\":\"Su acceso y uso del Servicio est\u00e1n condicionados a la aceptaci\u00f3n y cumplimiento de estas Condiciones. Estas Condiciones se aplican a todos los visitantes, usuarios y dem\u00e1s personas que accedan o utilicen el Servicio.\",\"breadcrumb\":{\"@id\":\"https:\\\/\\\/thinknow.com\\\/es\\\/terminos-de-servicio\\\/#breadcrumb\"},\"inLanguage\":\"es-ES\",\"potentialAction\":[{\"@type\":\"ReadAction\",\"target\":[\"https:\\\/\\\/thinknow.com\\\/es\\\/terminos-de-servicio\\\/\"]}]},{\"@type\":\"BreadcrumbList\",\"@id\":\"https:\\\/\\\/thinknow.com\\\/es\\\/terminos-de-servicio\\\/#breadcrumb\",\"itemListElement\":[{\"@type\":\"ListItem\",\"position\":1,\"name\":\"Home\",\"item\":\"https:\\\/\\\/thinknow.com\\\/es\\\/\"},{\"@type\":\"ListItem\",\"position\":2,\"name\":\"T\u00e9rminos de servicio\"}]},{\"@type\":\"WebSite\",\"@id\":\"https:\\\/\\\/thinknow.com\\\/#website\",\"url\":\"https:\\\/\\\/thinknow.com\\\/\",\"name\":\"ThinkNow\",\"description\":\"We demystify diverse communities through research technology\",\"publisher\":{\"@id\":\"https:\\\/\\\/thinknow.com\\\/#organization\"},\"potentialAction\":[{\"@type\":\"SearchAction\",\"target\":{\"@type\":\"EntryPoint\",\"urlTemplate\":\"https:\\\/\\\/thinknow.com\\\/?s={search_term_string}\"},\"query-input\":{\"@type\":\"PropertyValueSpecification\",\"valueRequired\":true,\"valueName\":\"search_term_string\"}}],\"inLanguage\":\"es-ES\"},{\"@type\":\"Organization\",\"@id\":\"https:\\\/\\\/thinknow.com\\\/#organization\",\"name\":\"thinknow\",\"url\":\"https:\\\/\\\/thinknow.com\\\/\",\"logo\":{\"@type\":\"ImageObject\",\"inLanguage\":\"es-ES\",\"@id\":\"https:\\\/\\\/thinknow.com\\\/#\\\/schema\\\/logo\\\/image\\\/\",\"url\":\"https:\\\/\\\/thinknow.com\\\/newsite\\\/wp-content\\\/uploads\\\/2022\\\/03\\\/logo-thinknow-color.png\",\"contentUrl\":\"https:\\\/\\\/thinknow.com\\\/newsite\\\/wp-content\\\/uploads\\\/2022\\\/03\\\/logo-thinknow-color.png\",\"width\":498,\"height\":186,\"caption\":\"thinknow\"},\"image\":{\"@id\":\"https:\\\/\\\/thinknow.com\\\/#\\\/schema\\\/logo\\\/image\\\/\"},\"sameAs\":[\"https:\\\/\\\/www.facebook.com\\\/ThinkNowGlobal\\\/\",\"https:\\\/\\\/www.instagram.com\\\/thinknowglobal\\\/\",\"https:\\\/\\\/www.linkedin.com\\\/company\\\/thinknowglobal\\\/\",\"https:\\\/\\\/www.youtube.com\\\/c\\\/Thinknowresearch\\\/\",\"https:\\\/\\\/open.spotify.com\\\/show\\\/3iSIVrpcCxZWqwG5WvnZ12?si=09e04daab68a4d1d\"]}]}<\/script>\n<!-- \/ Yoast SEO Premium plugin. -->","yoast_head_json":{"title":"T\u00e9rminos de servicio | ThinkNow","description":"Su acceso y uso del Servicio est\u00e1n condicionados a la aceptaci\u00f3n y cumplimiento de estas Condiciones. Estas Condiciones se aplican a todos los visitantes, usuarios y dem\u00e1s personas que accedan o utilicen el Servicio.","robots":{"index":"index","follow":"follow","max-snippet":"max-snippet:-1","max-image-preview":"max-image-preview:large","max-video-preview":"max-video-preview:-1"},"canonical":"https:\/\/thinknow.com\/es\/terminos-de-servicio\/","og_locale":"es_ES","og_type":"article","og_title":"T\u00e9rminos de servicio","og_description":"Su acceso y uso del Servicio est\u00e1n condicionados a la aceptaci\u00f3n y cumplimiento de estas Condiciones. Estas Condiciones se aplican a todos los visitantes, usuarios y dem\u00e1s personas que accedan o utilicen el Servicio.","og_url":"https:\/\/thinknow.com\/es\/terminos-de-servicio\/","og_site_name":"ThinkNow","article_publisher":"https:\/\/www.facebook.com\/ThinkNowGlobal\/","article_modified_time":"2024-10-14T15:56:44+00:00","og_image":[{"width":1200,"height":630,"url":"https:\/\/thinknow.com\/newsite\/wp-content\/themes\/thinknow-theme\/img\/thinknow-socialmedia-link.png","type":"image\/png"}],"twitter_card":"summary_large_image","twitter_misc":{"Tiempo de lectura":"2 minutes"},"schema":{"@context":"https:\/\/schema.org","@graph":[{"@type":"WebPage","@id":"https:\/\/thinknow.com\/es\/terminos-de-servicio\/","url":"https:\/\/thinknow.com\/es\/terminos-de-servicio\/","name":"T\u00e9rminos de servicio | ThinkNow","isPartOf":{"@id":"https:\/\/thinknow.com\/#website"},"datePublished":"2022-01-25T07:13:13+00:00","dateModified":"2024-10-14T15:56:44+00:00","description":"Su acceso y uso del Servicio est\u00e1n condicionados a la aceptaci\u00f3n y cumplimiento de estas Condiciones. Estas Condiciones se aplican a todos los visitantes, usuarios y dem\u00e1s personas que accedan o utilicen el Servicio.","breadcrumb":{"@id":"https:\/\/thinknow.com\/es\/terminos-de-servicio\/#breadcrumb"},"inLanguage":"es-ES","potentialAction":[{"@type":"ReadAction","target":["https:\/\/thinknow.com\/es\/terminos-de-servicio\/"]}]},{"@type":"BreadcrumbList","@id":"https:\/\/thinknow.com\/es\/terminos-de-servicio\/#breadcrumb","itemListElement":[{"@type":"ListItem","position":1,"name":"Home","item":"https:\/\/thinknow.com\/es\/"},{"@type":"ListItem","position":2,"name":"T\u00e9rminos de servicio"}]},{"@type":"WebSite","@id":"https:\/\/thinknow.com\/#website","url":"https:\/\/thinknow.com\/","name":"ThinkNow","description":"We demystify diverse communities through research technology","publisher":{"@id":"https:\/\/thinknow.com\/#organization"},"potentialAction":[{"@type":"SearchAction","target":{"@type":"EntryPoint","urlTemplate":"https:\/\/thinknow.com\/?s={search_term_string}"},"query-input":{"@type":"PropertyValueSpecification","valueRequired":true,"valueName":"search_term_string"}}],"inLanguage":"es-ES"},{"@type":"Organization","@id":"https:\/\/thinknow.com\/#organization","name":"thinknow","url":"https:\/\/thinknow.com\/","logo":{"@type":"ImageObject","inLanguage":"es-ES","@id":"https:\/\/thinknow.com\/#\/schema\/logo\/image\/","url":"https:\/\/thinknow.com\/newsite\/wp-content\/uploads\/2022\/03\/logo-thinknow-color.png","contentUrl":"https:\/\/thinknow.com\/newsite\/wp-content\/uploads\/2022\/03\/logo-thinknow-color.png","width":498,"height":186,"caption":"thinknow"},"image":{"@id":"https:\/\/thinknow.com\/#\/schema\/logo\/image\/"},"sameAs":["https:\/\/www.facebook.com\/ThinkNowGlobal\/","https:\/\/www.instagram.com\/thinknowglobal\/","https:\/\/www.linkedin.com\/company\/thinknowglobal\/","https:\/\/www.youtube.com\/c\/Thinknowresearch\/","https:\/\/open.spotify.com\/show\/3iSIVrpcCxZWqwG5WvnZ12?si=09e04daab68a4d1d"]}]}},"taxonomy_info":[],"featured_image_src_large":false,"author_info":{"display_name":"danielgc","author_link":"https:\/\/thinknow.com\/es\/blog\/author\/danielgc\/"},"comment_info":0,"_links":{"self":[{"href":"https:\/\/thinknow.com\/es\/wp-json\/wp\/v2\/pages\/19959","targetHints":{"allow":["GET"]}}],"collection":[{"href":"https:\/\/thinknow.com\/es\/wp-json\/wp\/v2\/pages"}],"about":[{"href":"https:\/\/thinknow.com\/es\/wp-json\/wp\/v2\/types\/page"}],"author":[{"embeddable":true,"href":"https:\/\/thinknow.com\/es\/wp-json\/wp\/v2\/users\/1"}],"replies":[{"embeddable":true,"href":"https:\/\/thinknow.com\/es\/wp-json\/wp\/v2\/comments?post=19959"}],"version-history":[{"count":1,"href":"https:\/\/thinknow.com\/es\/wp-json\/wp\/v2\/pages\/19959\/revisions"}],"predecessor-version":[{"id":19962,"href":"https:\/\/thinknow.com\/es\/wp-json\/wp\/v2\/pages\/19959\/revisions\/19962"}],"wp:attachment":[{"href":"https:\/\/thinknow.com\/es\/wp-json\/wp\/v2\/media?parent=19959"}],"curies":[{"name":"wp","href":"https:\/\/api.w.org\/{rel}","templated":true}]}}